{"id":2872,"date":"2024-03-19T10:05:42","date_gmt":"2024-03-19T09:05:42","guid":{"rendered":"https:\/\/www.tivistream.cm\/liste-des-chaines\/"},"modified":"2026-03-09T02:55:51","modified_gmt":"2026-03-09T01:55:51","slug":"liste-des-chaines","status":"publish","type":"page","link":"https:\/\/www.tivistream.cm\/fr\/liste-des-chaines\/","title":{"rendered":"Liste des cha\u00eenes"},"content":{"rendered":"\t\t<div data-elementor-type=\"wp-page\" data-elementor-id=\"2872\" class=\"elementor elementor-2872 elementor-762\" data-elementor-post-type=\"page\">\n\t\t\t\t<div class=\"elementor-element elementor-element-768413e e-con-full e-flex e-con e-parent\" data-id=\"768413e\" data-element_type=\"container\" data-e-type=\"container\">\n\t\t\t\t<div class=\"elementor-element elementor-element-94eb751 pt-100 elementor-widget elementor-widget-Section\" data-id=\"94eb751\" data-element_type=\"widget\" data-e-type=\"widget\" data-widget_type=\"Section.default\">\n\t\t\t\t<div class=\"elementor-widget-container\">\n\t\t\t\t\t\r\n        <div class=\"container mw-1356\">\r\n            <div class=\"section-title mw-690 m-auto text-center\" data-cues=\"zoomOut\">\r\n                                    <span class=\"top-title\"> CHA\u00ceNES <\/span>\r\n                                <h2>\r\n                    D\u00e9couvrez ci-dessous la liste des cha\u00eenes que nous proposons                <\/h2>\r\n            <\/div>\r\n        <\/div>\r\n\r\n        \t\t\t\t<\/div>\n\t\t\t\t<\/div>\n\t\t\t\t<div class=\"elementor-element elementor-element-6af25d2 elementor-widget elementor-widget-Partner_Logo\" data-id=\"6af25d2\" data-element_type=\"widget\" data-e-type=\"widget\" data-widget_type=\"Partner_Logo.default\">\n\t\t\t\t<div class=\"elementor-widget-container\">\n\t\t\t\t\t\r\n                    <!-- Start Partner Logo Area -->\r\n            <div class=\"partner-area pb-75\">\r\n                <div class=\"container mw-1356\">\r\n                    <div class=\"row justify-content-center\" data-cues=\"zoomOut\">\r\n                                                                                    <div class=\"col-xxl-2 col-sm-6 col-md-4\">\r\n                                    <div class=\"partner-bg mb-4\">\r\n                                        <img decoding=\"async\" src=\"https:\/\/www.tivistream.cm\/wp-content\/uploads\/2024\/03\/partner-1.webp\" alt=\"Partner Logo\">\r\n                                    <\/div>\r\n                                <\/div>\r\n                                                                                                                <div class=\"col-xxl-2 col-sm-6 col-md-4\">\r\n                                    <div class=\"partner-bg mb-4\">\r\n                                        <img decoding=\"async\" src=\"https:\/\/www.tivistream.cm\/wp-content\/uploads\/2024\/03\/partner-2.webp\" alt=\"Partner Logo\">\r\n                                    <\/div>\r\n                                <\/div>\r\n                                                                                                                <div class=\"col-xxl-2 col-sm-6 col-md-4\">\r\n                                    <div class=\"partner-bg mb-4\">\r\n                                        <img decoding=\"async\" src=\"https:\/\/www.tivistream.cm\/wp-content\/uploads\/2024\/03\/partner-3.webp\" alt=\"Partner Logo\">\r\n                                    <\/div>\r\n                                <\/div>\r\n                                                                                                                <div class=\"col-xxl-2 col-sm-6 col-md-4\">\r\n                                    <div class=\"partner-bg mb-4\">\r\n                                        <img decoding=\"async\" src=\"https:\/\/www.tivistream.cm\/wp-content\/uploads\/2024\/03\/partner-4.webp\" alt=\"Partner Logo\">\r\n                                    <\/div>\r\n                                <\/div>\r\n                                                                                                                <div class=\"col-xxl-2 col-sm-6 col-md-4\">\r\n                                    <div class=\"partner-bg mb-4\">\r\n                                        <img decoding=\"async\" src=\"https:\/\/www.tivistream.cm\/wp-content\/uploads\/2024\/03\/partner-5.webp\" alt=\"Partner Logo\">\r\n                                    <\/div>\r\n                                <\/div>\r\n                                                                                                                <div class=\"col-xxl-2 col-sm-6 col-md-4\">\r\n                                    <div class=\"partner-bg mb-4\">\r\n                                        <img decoding=\"async\" src=\"https:\/\/www.tivistream.cm\/wp-content\/uploads\/2024\/03\/partner-6.webp\" alt=\"Partner Logo\">\r\n                                    <\/div>\r\n                                <\/div>\r\n                                                                                                                <div class=\"col-xxl-2 col-sm-6 col-md-4\">\r\n                                    <div class=\"partner-bg mb-4\">\r\n                                        <img decoding=\"async\" src=\"https:\/\/www.tivistream.cm\/wp-content\/uploads\/2024\/03\/partner-11.webp\" alt=\"Partner Logo\">\r\n                                    <\/div>\r\n                                <\/div>\r\n                                                                                                                <div class=\"col-xxl-2 col-sm-6 col-md-4\">\r\n                                    <div class=\"partner-bg mb-4\">\r\n                                        <img decoding=\"async\" src=\"https:\/\/www.tivistream.cm\/wp-content\/uploads\/2024\/03\/partner-9.webp\" alt=\"Partner Logo\">\r\n                                    <\/div>\r\n                                <\/div>\r\n                                                                                                                <div class=\"col-xxl-2 col-sm-6 col-md-4\">\r\n                                    <div class=\"partner-bg mb-4\">\r\n                                        <img decoding=\"async\" src=\"https:\/\/www.tivistream.cm\/wp-content\/uploads\/2024\/03\/partner-8.webp\" alt=\"Partner Logo\">\r\n                                    <\/div>\r\n                                <\/div>\r\n                                                                                                                <div class=\"col-xxl-2 col-sm-6 col-md-4\">\r\n                                    <div class=\"partner-bg mb-4\">\r\n                                        <img decoding=\"async\" src=\"https:\/\/www.tivistream.cm\/wp-content\/uploads\/2024\/03\/partner-6.webp\" alt=\"Partner Logo\">\r\n                                    <\/div>\r\n                                <\/div>\r\n                                                                                                                <div class=\"col-xxl-2 col-sm-6 col-md-4\">\r\n                                    <div class=\"partner-bg mb-4\">\r\n                                        <img decoding=\"async\" src=\"https:\/\/www.tivistream.cm\/wp-content\/uploads\/2024\/03\/partner-3.webp\" alt=\"Partner Logo\">\r\n                                    <\/div>\r\n                                <\/div>\r\n                                                                                                                <div class=\"col-xxl-2 col-sm-6 col-md-4\">\r\n                                    <div class=\"partner-bg mb-4\">\r\n                                        <img decoding=\"async\" src=\"https:\/\/www.tivistream.cm\/wp-content\/uploads\/2024\/03\/partner-5.webp\" alt=\"Partner Logo\">\r\n                                    <\/div>\r\n                                <\/div>\r\n                                                                                                                <div class=\"col-xxl-2 col-sm-6 col-md-4\">\r\n                                    <div class=\"partner-bg mb-4\">\r\n                                        <img decoding=\"async\" src=\"https:\/\/www.tivistream.cm\/wp-content\/uploads\/2024\/03\/partner-1.webp\" alt=\"Partner Logo\">\r\n                                    <\/div>\r\n                                <\/div>\r\n                                                                                                                <div class=\"col-xxl-2 col-sm-6 col-md-4\">\r\n                                    <div class=\"partner-bg mb-4\">\r\n                                        <img decoding=\"async\" src=\"https:\/\/www.tivistream.cm\/wp-content\/uploads\/2024\/03\/partner-2.webp\" alt=\"Partner Logo\">\r\n                                    <\/div>\r\n                                <\/div>\r\n                                                                                                                <div class=\"col-xxl-2 col-sm-6 col-md-4\">\r\n                                    <div class=\"partner-bg mb-4\">\r\n                                        <img decoding=\"async\" src=\"https:\/\/www.tivistream.cm\/wp-content\/uploads\/2024\/03\/partner-3.webp\" alt=\"Partner Logo\">\r\n                                    <\/div>\r\n                                <\/div>\r\n                                                                                                                <div class=\"col-xxl-2 col-sm-6 col-md-4\">\r\n                                    <div class=\"partner-bg mb-4\">\r\n                                        <img decoding=\"async\" src=\"https:\/\/www.tivistream.cm\/wp-content\/uploads\/2024\/03\/partner-11.webp\" alt=\"Partner Logo\">\r\n                                    <\/div>\r\n                                <\/div>\r\n                                                                                                                <div class=\"col-xxl-2 col-sm-6 col-md-4\">\r\n                                    <div class=\"partner-bg mb-4\">\r\n                                        <img decoding=\"async\" src=\"https:\/\/www.tivistream.cm\/wp-content\/uploads\/2024\/03\/partner-5.webp\" alt=\"Partner Logo\">\r\n                                    <\/div>\r\n                                <\/div>\r\n                                                                                                                <div class=\"col-xxl-2 col-sm-6 col-md-4\">\r\n                                    <div class=\"partner-bg mb-4\">\r\n                                        <img decoding=\"async\" src=\"https:\/\/www.tivistream.cm\/wp-content\/uploads\/2024\/03\/partner-6.webp\" alt=\"Partner Logo\">\r\n                                    <\/div>\r\n                                <\/div>\r\n                                                                                                                <div class=\"col-xxl-2 col-sm-6 col-md-4\">\r\n                                    <div class=\"partner-bg mb-4\">\r\n                                        <img decoding=\"async\" src=\"https:\/\/www.tivistream.cm\/wp-content\/uploads\/2024\/03\/partner-6.webp\" alt=\"Partner Logo\">\r\n                                    <\/div>\r\n                                <\/div>\r\n                                                                                                                <div class=\"col-xxl-2 col-sm-6 col-md-4\">\r\n                                    <div class=\"partner-bg mb-4\">\r\n                                        <img decoding=\"async\" src=\"https:\/\/www.tivistream.cm\/wp-content\/uploads\/2024\/03\/partner-5.webp\" alt=\"Partner Logo\">\r\n                                    <\/div>\r\n                                <\/div>\r\n                                                                                                                <div class=\"col-xxl-2 col-sm-6 col-md-4\">\r\n                                    <div class=\"partner-bg mb-4\">\r\n                                        <img decoding=\"async\" src=\"https:\/\/www.tivistream.cm\/wp-content\/uploads\/2024\/03\/partner-4.webp\" alt=\"Partner Logo\">\r\n                                    <\/div>\r\n                                <\/div>\r\n                                                                                                                <div class=\"col-xxl-2 col-sm-6 col-md-4\">\r\n                                    <div class=\"partner-bg mb-4\">\r\n                                        <img decoding=\"async\" src=\"https:\/\/www.tivistream.cm\/wp-content\/uploads\/2024\/03\/partner-3.webp\" alt=\"Partner Logo\">\r\n                                    <\/div>\r\n                                <\/div>\r\n                                                                                                                <div class=\"col-xxl-2 col-sm-6 col-md-4\">\r\n                                    <div class=\"partner-bg mb-4\">\r\n                                        <img decoding=\"async\" src=\"https:\/\/www.tivistream.cm\/wp-content\/uploads\/2024\/03\/partner-2.webp\" alt=\"Partner Logo\">\r\n                                    <\/div>\r\n                                <\/div>\r\n                                                                                                                <div class=\"col-xxl-2 col-sm-6 col-md-4\">\r\n                                    <div class=\"partner-bg mb-4\">\r\n                                        <img decoding=\"async\" src=\"https:\/\/www.tivistream.cm\/wp-content\/uploads\/2024\/03\/partner-11.webp\" alt=\"Partner Logo\">\r\n                                    <\/div>\r\n                                <\/div>\r\n                                                                                                                <div class=\"col-xxl-2 col-sm-6 col-md-4\">\r\n                                    <div class=\"partner-bg mb-4\">\r\n                                        <img decoding=\"async\" src=\"https:\/\/www.tivistream.cm\/wp-content\/uploads\/2024\/03\/partner-8.webp\" alt=\"Partner Logo\">\r\n                                    <\/div>\r\n                                <\/div>\r\n                                                                                                                <div class=\"col-xxl-2 col-sm-6 col-md-4\">\r\n                                    <div class=\"partner-bg mb-4\">\r\n                                        <img decoding=\"async\" src=\"https:\/\/www.tivistream.cm\/wp-content\/uploads\/2024\/03\/partner-11.webp\" alt=\"Partner Logo\">\r\n                                    <\/div>\r\n                                <\/div>\r\n                                                                                                                <div class=\"col-xxl-2 col-sm-6 col-md-4\">\r\n                                    <div class=\"partner-bg mb-4\">\r\n                                        <img decoding=\"async\" src=\"https:\/\/www.tivistream.cm\/wp-content\/uploads\/2024\/03\/partner-10.webp\" alt=\"Partner Logo\">\r\n                                    <\/div>\r\n                                <\/div>\r\n                                                                        <\/div>\r\n                <\/div>\r\n            <\/div>\r\n            <!-- End Partner Logo Area -->\r\n        \r\n        \t\t\t\t<\/div>\n\t\t\t\t<\/div>\n\t\t\t\t<\/div>\n\t\t<div class=\"elementor-element elementor-element-f1f9fc2 e-con-full e-flex e-con e-parent\" data-id=\"f1f9fc2\" data-element_type=\"container\" data-e-type=\"container\">\n\t\t\t\t<div class=\"elementor-element elementor-element-075cc00 pb-100 elementor-widget elementor-widget-Slide_Text\" data-id=\"075cc00\" data-element_type=\"widget\" data-e-type=\"widget\" data-widget_type=\"Slide_Text.default\">\n\t\t\t\t<div class=\"elementor-widget-container\">\n\t\t\t\t\t\r\n        \r\n\r\n         <!-- Start Marquee Area -->\r\n         <div class=\"marquee-wrapper\">\r\n            <ul class=\"ps-0 mb-0 list-unstyled marquee\">\r\n                                                            <li class=\"marquee-note\">\r\n                            <span>Le streaming TV le plus rapide au monde<\/span>\r\n                        <\/li>\r\n                                                                <li class=\"marquee-note\">\r\n                            <img decoding=\"async\" src=\"https:\/\/www.tivistream.cm\/wp-content\/uploads\/2024\/03\/shape-15.png\" alt=\"Shape\">\r\n                        <\/li>\r\n                                                                                <li class=\"marquee-note\">\r\n                            <span>Le streaming TV le plus rapide au monde<\/span>\r\n                        <\/li>\r\n                                                                <li class=\"marquee-note\">\r\n                            <img decoding=\"async\" src=\"https:\/\/www.tivistream.cm\/wp-content\/uploads\/2024\/03\/shape-15.png\" alt=\"Shape\">\r\n                        <\/li>\r\n                                                                                <li class=\"marquee-note\">\r\n                            <span>Le streaming TV le plus rapide au monde<\/span>\r\n                        <\/li>\r\n                                                                <li class=\"marquee-note\">\r\n                            <img decoding=\"async\" src=\"https:\/\/www.tivistream.cm\/wp-content\/uploads\/2024\/03\/shape-15.png\" alt=\"Shape\">\r\n                        <\/li>\r\n                                                                                <li class=\"marquee-note\">\r\n                            <span>Le streaming TV le plus rapide au monde<\/span>\r\n                        <\/li>\r\n                                                                <li class=\"marquee-note\">\r\n                            <img decoding=\"async\" src=\"https:\/\/www.tivistream.cm\/wp-content\/uploads\/2024\/03\/shape-15.png\" alt=\"Shape\">\r\n                        <\/li>\r\n                                                                                <li class=\"marquee-note\">\r\n                            <span>Le streaming TV le plus rapide au monde<\/span>\r\n                        <\/li>\r\n                                                                <li class=\"marquee-note\">\r\n                            <img decoding=\"async\" src=\"https:\/\/www.tivistream.cm\/wp-content\/uploads\/2024\/03\/shape-15.png\" alt=\"Shape\">\r\n                        <\/li>\r\n                                                                                <li class=\"marquee-note\">\r\n                            <span>Le streaming TV le plus rapide au monde<\/span>\r\n                        <\/li>\r\n                                                                <li class=\"marquee-note\">\r\n                            <img decoding=\"async\" src=\"https:\/\/www.tivistream.cm\/wp-content\/uploads\/2024\/03\/shape-15.png\" alt=\"Shape\">\r\n                        <\/li>\r\n                                                <\/ul>\r\n        <\/div>\r\n        <!-- End Marquee Area -->\r\n        \t\t\t\t<\/div>\n\t\t\t\t<\/div>\n\t\t\t\t<\/div>\n\t\t\t\t<\/div>\n\t\t","protected":false},"excerpt":{"rendered":"<p>CHA\u00ceNES D\u00e9couvrez ci-dessous la liste des cha\u00eenes que nous proposons Le streaming TV le plus rapide au monde Le streaming TV le plus rapide au monde Le streaming TV le plus rapide au monde Le streaming TV le plus rapide au monde Le streaming TV le plus rapide au monde Le streaming TV le plus <\/p>\n","protected":false},"author":1,"featured_media":0,"parent":0,"menu_order":0,"comment_status":"closed","ping_status":"closed","template":"","meta":{"_acf_changed":false,"footnotes":""},"class_list":["post-2872","page","type-page","status-publish","hentry"],"acf":[],"_links":{"self":[{"href":"https:\/\/www.tivistream.cm\/fr\/wp-json\/wp\/v2\/pages\/2872","targetHints":{"allow":["GET"]}}],"collection":[{"href":"https:\/\/www.tivistream.cm\/fr\/wp-json\/wp\/v2\/pages"}],"about":[{"href":"https:\/\/www.tivistream.cm\/fr\/wp-json\/wp\/v2\/types\/page"}],"author":[{"embeddable":true,"href":"https:\/\/www.tivistream.cm\/fr\/wp-json\/wp\/v2\/users\/1"}],"replies":[{"embeddable":true,"href":"https:\/\/www.tivistream.cm\/fr\/wp-json\/wp\/v2\/comments?post=2872"}],"version-history":[{"count":2,"href":"https:\/\/www.tivistream.cm\/fr\/wp-json\/wp\/v2\/pages\/2872\/revisions"}],"predecessor-version":[{"id":3367,"href":"https:\/\/www.tivistream.cm\/fr\/wp-json\/wp\/v2\/pages\/2872\/revisions\/3367"}],"wp:attachment":[{"href":"https:\/\/www.tivistream.cm\/fr\/wp-json\/wp\/v2\/media?parent=2872"}],"curies":[{"name":"wp","href":"https:\/\/api.w.org\/{rel}","templated":true}]}}