{"id":2874,"date":"2024-03-10T04:57:43","date_gmt":"2024-03-10T03:57:43","guid":{"rendered":"https:\/\/www.tivistream.cm\/nous-contacter\/"},"modified":"2026-03-09T02:54:51","modified_gmt":"2026-03-09T01:54:51","slug":"nous-contacter","status":"publish","type":"page","link":"https:\/\/www.tivistream.cm\/fr\/nous-contacter\/","title":{"rendered":"Nous Contacter"},"content":{"rendered":"\t\t<div data-elementor-type=\"wp-page\" data-elementor-id=\"2874\" class=\"elementor elementor-2874 elementor-159\" data-elementor-post-type=\"page\">\n\t\t\t\t<div class=\"elementor-element elementor-element-889d3e9 e-con-full e-flex e-con e-parent\" data-id=\"889d3e9\" data-element_type=\"container\" data-e-type=\"container\">\n\t\t\t\t<div class=\"elementor-element elementor-element-55365bf elementor-widget elementor-widget-contactinfo-widget\" data-id=\"55365bf\" data-element_type=\"widget\" data-e-type=\"widget\" data-widget_type=\"contactinfo-widget.default\">\n\t\t\t\t<div class=\"elementor-widget-container\">\n\t\t\t\t\t\r\n        <!-- Start Contact Info Area -->\r\n        <div class=\"contact-info-area pt-100 pb-75\">\r\n            <div class=\"container mw-1356\">\r\n                <div class=\"section-title m-auto text-center\">\r\n                                            <span class=\"top-title\"> CONTACT<\/span>\r\n                                        <h2>\r\n                        Prenez contact avec nous                    <\/h2>\r\n                <\/div>\r\n                <div class=\"row justify-content-center\">\r\n                                            <div class=\"col-lg-4 col-md-6\">\r\n                            <div class=\"contact-info-single-item\">\r\n                                   \r\n                                    <i class=\"ti ti-map-2 shapes\"><\/i>\r\n                                    <i class=\"ti ti-map-2 icon\"><\/i>\r\n                                                                   \r\n                                    <h3> Location<\/h3>\r\n                                                                   \r\n                                    <p>Blvd de la r\u00e9publique 19 (Immeuble DHL) <br>Douala-Bali, Cameroon<\/p>                                                            <\/div>\r\n                        <\/div>\r\n                                            <div class=\"col-lg-4 col-md-6\">\r\n                            <div class=\"contact-info-single-item\">\r\n                                   \r\n                                    <i class=\"ti ti-phone-call shapes\"><\/i>\r\n                                    <i class=\"ti ti-phone-call icon\"><\/i>\r\n                                                                   \r\n                                    <h3> T\u00e9l\u00e9phone<\/h3>\r\n                                                                   \r\n                                    <p>\n                                <a href=\"tel:+237683220222\">+237 683 220222,<\/a>\n<a href=\"tel:+237691319176\">+237 691 319176,<\/a> <br><a href=\"tel:+237659020820\">+237 659 020820<\/a>\n                            <\/p>                                                            <\/div>\r\n                        <\/div>\r\n                                            <div class=\"col-lg-4 col-md-6\">\r\n                            <div class=\"contact-info-single-item\">\r\n                                   \r\n                                    <i class=\"ti ti-mail-bolt shapes\"><\/i>\r\n                                    <i class=\"ti ti-mail-bolt icon\"><\/i>\r\n                                                                   \r\n                                    <h3> Mail<\/h3>\r\n                                                                   \r\n                                    <p>\n    <a href=\"mailto:contact@tivistream.cm\">contact@tivistream.cm<\/a> <br> <a href=\"mailto:support@tivistream.cm\">support@tivistream.cm<\/a>\n<\/p>                                                            <\/div>\r\n                        <\/div>\r\n                                    <\/div>\r\n            <\/div>\r\n        <\/div>\r\n        <!-- End Contact Info Area -->\r\n\r\n        \t\t\t\t<\/div>\n\t\t\t\t<\/div>\n\t\t\t\t<\/div>\n\t\t<div class=\"elementor-element elementor-element-9d7fae7 e-con-full e-flex e-con e-parent\" data-id=\"9d7fae7\" data-element_type=\"container\" data-e-type=\"container\">\n\t\t\t\t<div class=\"elementor-element elementor-element-25ab8eb elementor-widget elementor-widget-Contact_Form\" data-id=\"25ab8eb\" data-element_type=\"widget\" data-e-type=\"widget\" data-widget_type=\"Contact_Form.default\">\n\t\t\t\t<div class=\"elementor-widget-container\">\n\t\t\t\t\t\r\n        <!-- Start Contact Form Area -->\r\n                    <div class=\"contact-form-area pb-100\">\r\n                <div class=\"container\">\r\n                    <div class=\"row\">\r\n                                                    <div class=\"col-lg-6\">\r\n                                <div class=\"contact-form-map\">\r\n                                    <iframe style=\"width: 100%; height: 378px; border-radius: 10px; display: block;\" src=\"https:\/\/www.google.com\/maps\/embed?pb=!1m18!1m12!1m3!1d1679.1536245308857!2d9.691338274848365!3d4.04193488865342!2m3!1f0!2f0!3f0!3m2!1i1024!2i768!4f13.1!3m3!1m2!1s0x1061137135d1be87%3A0x4fbe1b3efe7b3b69!2sSunu%20Assurance%20Bali!5e0!3m2!1sde!2sde!4v1769970219122!5m2!1sde!2sde\"><\/iframe>\r\n                                <\/div>\r\n                            <\/div>\r\n                                                <div class=\"col-lg-6\">\r\n                            <div class=\"contact-form-content\">\r\n                                                                    <span class=\"top-title\">ENVOYEZ-NOUS UN MESSAGE<\/span>\r\n                                                                <h2>\r\n                                    Nous vous r\u00e9pondrons dans les plus brefs d\u00e9lais                                <\/h2>\r\n                                                                    <p>Nous serions ravis d\u2019avoir de vos nouvelles ! Si vous avez des questions, des commentaires ou des remarques concernant nos services, n\u2019h\u00e9sitez pas \u00e0 nous contacter via l\u2019un des moyens ci-dessous.<\/p>\r\n                                                            <\/div>\r\n\r\n                            <div class=\"contact-form\">\r\n                                \n<div class=\"wpcf7 no-js\" id=\"wpcf7-f2953-o1\" lang=\"fr-FR\" dir=\"ltr\" data-wpcf7-id=\"2953\">\n<div class=\"screen-reader-response\"><p role=\"status\" aria-live=\"polite\" aria-atomic=\"true\"><\/p> <ul><\/ul><\/div>\n<form action=\"\/fr\/wp-json\/wp\/v2\/pages\/2874#wpcf7-f2953-o1\" method=\"post\" class=\"wpcf7-form init\" aria-label=\"Formulaire de contact\" novalidate=\"novalidate\" data-status=\"init\">\n<fieldset class=\"hidden-fields-container\"><input type=\"hidden\" name=\"_wpcf7\" value=\"2953\" \/><input type=\"hidden\" name=\"_wpcf7_version\" value=\"6.1.5\" \/><input type=\"hidden\" name=\"_wpcf7_locale\" value=\"fr_FR\" \/><input type=\"hidden\" name=\"_wpcf7_unit_tag\" value=\"wpcf7-f2953-o1\" \/><input type=\"hidden\" name=\"_wpcf7_container_post\" value=\"0\" \/><input type=\"hidden\" name=\"_wpcf7_posted_data_hash\" value=\"\" \/>\n<\/fieldset>\n<div class=\"row\">\n    <div class=\"col-lg-6\">\n        <div class=\"form-floating mb-4\"><span class=\"wpcf7-form-control-wrap\" data-name=\"Name\"><input size=\"40\" maxlength=\"400\" class=\"wpcf7-form-control wpcf7-text wpcf7-validates-as-required form-control\" id=\"floatingInput1\" aria-required=\"true\" aria-invalid=\"false\" placeholder=\"Nom\" value=\"\" type=\"text\" name=\"Name\" \/><\/span><label class=\"form-label\" for=\"floatingInput1\">Name<\/label><\/div>\n    <\/div>\n    <div class=\"col-lg-6\">\n        <div class=\"form-floating mb-4\"><span class=\"wpcf7-form-control-wrap\" data-name=\"email_na\"><input size=\"40\" maxlength=\"400\" class=\"wpcf7-form-control wpcf7-email wpcf7-validates-as-required wpcf7-text wpcf7-validates-as-email form-control\" id=\"floatingInput2\" aria-required=\"true\" aria-invalid=\"false\" placeholder=\"Email\" value=\"\" type=\"email\" name=\"email_na\" \/><\/span><label class=\"form-label\" for=\"floatingInput2\">Email<\/label>\n        <\/div>\n    <\/div>\n    <div class=\"col-lg-6\">\n        <div class=\"form-floating mb-4\"> <span class=\"wpcf7-form-control-wrap\" data-name=\"tel-795\"><input size=\"40\" maxlength=\"400\" class=\"wpcf7-form-control wpcf7-tel wpcf7-validates-as-required wpcf7-text wpcf7-validates-as-tel form-control\" id=\"floatingInput3\" aria-required=\"true\" aria-invalid=\"false\" placeholder=\"Num\u00e9rp de t\u00e9l\u00e9phone\" value=\"\" type=\"tel\" name=\"tel-795\" \/><\/span> <label class=\"form-label\" for=\"floatingInput3\">Phone<\/label>\n        <\/div>\n    <\/div>\n    <div class=\"col-lg-6\">\n        <div class=\"form-floating mb-4\"><span class=\"wpcf7-form-control-wrap\" data-name=\"CompanyNam\"><input size=\"40\" maxlength=\"400\" class=\"wpcf7-form-control wpcf7-text wpcf7-validates-as-required form-control\" id=\"floatingInput4\" aria-required=\"true\" aria-invalid=\"false\" placeholder=\"Entreprise\" value=\"\" type=\"text\" name=\"CompanyNam\" \/><\/span> <label class=\"form-label\" for=\"floatingInput4\">Company<\/label>\n        <\/div>\n    <\/div>\n    <div class=\"col-lg-12\">\n        <div class=\"form-floating mb-4\"> <span class=\"wpcf7-form-control-wrap\" data-name=\"msg_subject\"><textarea cols=\"40\" rows=\"10\" maxlength=\"2000\" class=\"wpcf7-form-control wpcf7-textarea form-control\" id=\"floatingInput5\" aria-invalid=\"false\" placeholder=\"Votre Message Ici\" name=\"msg_subject\"><\/textarea><\/span><label class=\"form-label\" for=\"floatingInput5\">Your message here<\/label>\n        <\/div>\n    <\/div>\n    <div class=\"col-lg-12\">\n        <div class=\"form-check mb-4\"><input class=\"form-check-input\" type=\"checkbox\" value=\"\" id=\"flexCheckDefault\"><label class=\"form-check-label\" for=\"flexCheckDefault\">Enregistrez mon nom, mon adresse e-mail et mon site web dans ce navigateur pour mon prochain commentaire.<\/label>\n        <\/div>\n    <\/div>\n    <div class=\"col-lg-12\">\n        <button type=\"submit\" class=\"btn\"><span class=\"border-style\">Envoyer message<\/span><\/button>\n    <\/div>\n<\/div><div class=\"wpcf7-response-output\" aria-hidden=\"true\"><\/div>\n<\/form>\n<\/div>\n                            <\/div>\r\n                        <\/div>\r\n                    <\/div>\r\n                <\/div>\r\n            <\/div>\r\n                <!-- End Contact Form Area -->\r\n\r\n        \t\t\t\t<\/div>\n\t\t\t\t<\/div>\n\t\t\t\t<\/div>\n\t\t\t\t<\/div>\n\t\t","protected":false},"excerpt":{"rendered":"<p>CONTACT Prenez contact avec nous Location Blvd de la r\u00e9publique 19 (Immeuble DHL) Douala-Bali, Cameroon T\u00e9l\u00e9phone +237 683 220222, +237 691 319176, +237 659 020820 Mail contact@tivistream.cm support@tivistream.cm ENVOYEZ-NOUS UN MESSAGE Nous vous r\u00e9pondrons dans les plus brefs d\u00e9lais Nous serions ravis d\u2019avoir de vos nouvelles ! Si vous avez des questions, des commentaires ou <\/p>\n","protected":false},"author":1,"featured_media":0,"parent":0,"menu_order":0,"comment_status":"closed","ping_status":"closed","template":"","meta":{"_acf_changed":false,"footnotes":""},"class_list":["post-2874","page","type-page","status-publish","hentry"],"acf":[],"_links":{"self":[{"href":"https:\/\/www.tivistream.cm\/fr\/wp-json\/wp\/v2\/pages\/2874","targetHints":{"allow":["GET"]}}],"collection":[{"href":"https:\/\/www.tivistream.cm\/fr\/wp-json\/wp\/v2\/pages"}],"about":[{"href":"https:\/\/www.tivistream.cm\/fr\/wp-json\/wp\/v2\/types\/page"}],"author":[{"embeddable":true,"href":"https:\/\/www.tivistream.cm\/fr\/wp-json\/wp\/v2\/users\/1"}],"replies":[{"embeddable":true,"href":"https:\/\/www.tivistream.cm\/fr\/wp-json\/wp\/v2\/comments?post=2874"}],"version-history":[{"count":1,"href":"https:\/\/www.tivistream.cm\/fr\/wp-json\/wp\/v2\/pages\/2874\/revisions"}],"predecessor-version":[{"id":3364,"href":"https:\/\/www.tivistream.cm\/fr\/wp-json\/wp\/v2\/pages\/2874\/revisions\/3364"}],"wp:attachment":[{"href":"https:\/\/www.tivistream.cm\/fr\/wp-json\/wp\/v2\/media?parent=2874"}],"curies":[{"name":"wp","href":"https:\/\/api.w.org\/{rel}","templated":true}]}}