{"id":2989,"date":"2024-03-14T09:42:16","date_gmt":"2024-03-14T09:42:16","guid":{"rendered":"https:\/\/www.tivistream.cm\/product\/fire-tv-stick-4k-max-streaming-4k-plus-rapide-et-wi-fi-6e\/"},"modified":"2026-02-17T17:37:52","modified_gmt":"2026-02-17T16:37:52","slug":"fire-tv-stick-4k-max-streaming-4k-plus-rapide-et-wi-fi-6e","status":"publish","type":"product","link":"https:\/\/www.tivistream.cm\/fr\/produit\/fire-tv-stick-4k-max-streaming-4k-plus-rapide-et-wi-fi-6e\/","title":{"rendered":"Fire TV Stick 4K Max | Streaming 4K plus rapide et Wi-Fi 6E"},"content":{"rendered":"<h4><b>Fire TV Stick 4K Max \u2014 Plus de vitesse. Un streaming plus fluide. <\/b><\/h4>\n<p class=\"p2\">Le <span class=\"s2\">Fire TV Stick 4K Max<\/span> est la version am\u00e9lior\u00e9e pour tous ceux qui recherchent des <span class=\"s2\"><b>performances accrues<\/b><\/span>, une navigation plus fluide et une connexion sans fil plus performante dans les environnements Wi-Fi encombr\u00e9s. Con\u00e7u pour le streaming 4K sur les t\u00e9l\u00e9viseurs compatibles, il prend en charge le <span class=\"s2\"><b>Wi-Fi 6E<\/b><\/span> (avec un routeur compatible), contribuant ainsi \u00e0 r\u00e9duire la congestion et \u00e0 am\u00e9liorer la stabilit\u00e9 lorsque plusieurs appareils partagent le m\u00eame r\u00e9seau. <\/p>\n<h4><b>Principaux avantages du Fire TV Stick 4K Max<\/b><\/h4>\n<ul>\n<li>\n<p class=\"p1\">Des <span class=\"s1\">performances accrues<\/span> pour des menus fluides et des lancements d&rsquo;applications plus rapides.<\/p>\n<\/li>\n<li>\n<p class=\"p1\"><span class=\"s1\"><b>Diffusion en continu 4K Ultra HD<\/b><\/span> avec prise en charge HDR (selon le t\u00e9l\u00e9viseur et l&rsquo;application)<\/p>\n<\/li>\n<li>\n<p class=\"p1\"><span class=\"s1\"><b>Prise en charge du Wi-Fi 6E<\/b><\/span> pour une meilleure efficacit\u00e9 dans les r\u00e9seaux encombr\u00e9s (selon le routeur)<\/p>\n<\/li>\n<li>\n<p class=\"p1\"><span class=\"s1\">T\u00e9l\u00e9commande vocale Alexa<\/span> pour une recherche rapide et des fonctions de contr\u00f4le mains libres<\/p>\n<\/li>\n<li>\n<p class=\"p1\">Un excellent choix pour les foyers qui regardent des vid\u00e9os sur plusieurs \u00e9crans.<\/p>\n<\/li>\n<\/ul>\n<h4><b>Con\u00e7u pour les foyers avec un fort trafic de streaming<\/b><\/h4>\n<p class=\"p2\">Si plusieurs personnes utilisent le streaming simultan\u00e9ment chez vous (t\u00e9l\u00e9phones, ordinateurs portables, t\u00e9l\u00e9viseurs), le Fire TV Stick 4K Max est un excellent choix. Vous en constaterez les avantages lorsque : <\/p>\n<ul>\n<li>\n<p class=\"p1\">Passer fr\u00e9quemment d&rsquo;une application \u00e0 l&rsquo;autre<\/p>\n<\/li>\n<li>\n<p class=\"p1\">Diffuser plus souvent des vid\u00e9os en haute r\u00e9solution<\/p>\n<\/li>\n<li>\n<p class=\"p1\">Utiliser l&rsquo;appareil dans des pi\u00e8ces o\u00f9 le signal Wi-Fi est plus faible ou plus encombr\u00e9<\/p>\n<\/li>\n<li>\n<p class=\"p1\">Vous souhaitez une interface plus r\u00e9active dans l&rsquo;ensemble.<\/p>\n<\/li>\n<\/ul>\n<h4><b>La configuration est simple<\/b><\/h4>\n<p class=\"p2\">Tout comme la version 4K standard :<\/p>\n<ol start=\"1\">\n<li>\n<p class=\"p1\">Se connecter \u00e0 <span class=\"s1\"><b>HDMI<\/b><\/span><b><\/b><\/p>\n<\/li>\n<li>\n<p class=\"p1\">Branchez-vous sur le secteur<\/p>\n<\/li>\n<li>\n<p class=\"p1\">Rejoindre le Wi-Fi<\/p>\n<\/li>\n<li>\n<p class=\"p1\">Installez vos applications et commencez \u00e0 regarder en streaming.<\/p>\n<\/li>\n<\/ol>\n<h4><b>Qui devrait choisir le format 4K Max plut\u00f4t que le format 4K ?<\/b><\/h4>\n<p class=\"p2\">Choisissez le <span class=\"s2\"><b>Fire TV Stick 4K Max<\/b><\/span> si vous souhaitez :<\/p>\n<ul>\n<li>\n<p class=\"p1\">L&rsquo;exp\u00e9rience Fire TV Stick la plus fluide<\/p>\n<\/li>\n<li>\n<p class=\"p1\">Meilleures performances dans les foyers o\u00f9 le Wi-Fi est tr\u00e8s utilis\u00e9.<\/p>\n<\/li>\n<li>\n<p class=\"p1\">Une option plus \u00ab adapt\u00e9e \u00e0 l&rsquo;avenir \u00bb avec prise en charge du Wi-Fi 6E (selon le routeur).<\/p>\n<\/li>\n<\/ul>\n<h4><b>Sp\u00e9cifications (de haut niveau)<\/b><\/h4>\n<ul>\n<li>\n<p class=\"p1\">Sortie :<span class=\"s1\"> jusqu\u2019\u00e0 4K<\/span> (selon le t\u00e9l\u00e9viseur et l\u2019application)<\/p>\n<\/li>\n<li>\n<p class=\"p1\"><span class=\"s1\">Connectivit\u00e9<\/span> : <b>Wi-Fi (compatible Wi-Fi 6E)<\/b><span class=\"s1\"> +<\/span> <b>HDMI<\/b><b><\/b><\/p>\n<\/li>\n<li>\n<p class=\"p1\">T\u00e9l\u00e9commande : <span class=\"s1\"><b>T\u00e9l\u00e9commande vocale<\/b><\/span> (compatible avec Alexa)<\/p>\n<\/li>\n<\/ul>\n<h4><b>Que contient la bo\u00eete ?<\/b><\/h4>\n<ul>\n<li>\n<p class=\"p1\">Fire TV Stick 4K Max<\/p>\n<\/li>\n<li>\n<p class=\"p1\">T\u00e9l\u00e9commande vocale Alexa<\/p>\n<\/li>\n<li>\n<p class=\"p1\">Adaptateur secteur + c\u00e2ble USB<\/p>\n<\/li>\n<li>\n<p class=\"p1\">Rallonge HDMI<\/p>\n<\/li>\n<li>\n<p class=\"p1\">Piles + guide de d\u00e9marrage rapide<\/p>\n<\/li>\n<\/ul>\n","protected":false},"excerpt":{"rendered":"<p class=\"p1\">Le Fire TV Stick le plus rapide pour les utilisateurs exigeants. Profitez d&rsquo;un streaming 4K fluide, de menus plus r\u00e9actifs et de performances Wi-Fi am\u00e9lior\u00e9es (compatible avec les routeurs). <\/p>\n","protected":false},"featured_media":2998,"comment_status":"open","ping_status":"closed","template":"","meta":{"_acf_changed":false},"product_brand":[],"product_cat":[144,145],"product_tag":[151],"class_list":{"0":"post-2989","1":"product","2":"type-product","3":"status-publish","4":"has-post-thumbnail","6":"product_cat-boite-tv","7":"product_cat-electronique","8":"product_tag-fire-tv-stick-4k-max","10":"first","11":"instock","12":"sale","13":"shipping-taxable","14":"purchasable","15":"product-type-simple"},"acf":[],"_links":{"self":[{"href":"https:\/\/www.tivistream.cm\/fr\/wp-json\/wp\/v2\/product\/2989","targetHints":{"allow":["GET"]}}],"collection":[{"href":"https:\/\/www.tivistream.cm\/fr\/wp-json\/wp\/v2\/product"}],"about":[{"href":"https:\/\/www.tivistream.cm\/fr\/wp-json\/wp\/v2\/types\/product"}],"replies":[{"embeddable":true,"href":"https:\/\/www.tivistream.cm\/fr\/wp-json\/wp\/v2\/comments?post=2989"}],"wp:featuredmedia":[{"embeddable":true,"href":"https:\/\/www.tivistream.cm\/fr\/wp-json\/wp\/v2\/media\/2998"}],"wp:attachment":[{"href":"https:\/\/www.tivistream.cm\/fr\/wp-json\/wp\/v2\/media?parent=2989"}],"wp:term":[{"taxonomy":"product_brand","embeddable":true,"href":"https:\/\/www.tivistream.cm\/fr\/wp-json\/wp\/v2\/product_brand?post=2989"},{"taxonomy":"product_cat","embeddable":true,"href":"https:\/\/www.tivistream.cm\/fr\/wp-json\/wp\/v2\/product_cat?post=2989"},{"taxonomy":"product_tag","embeddable":true,"href":"https:\/\/www.tivistream.cm\/fr\/wp-json\/wp\/v2\/product_tag?post=2989"}],"curies":[{"name":"wp","href":"https:\/\/api.w.org\/{rel}","templated":true}]}}